{"id":1101,"date":"2020-02-11T15:16:12","date_gmt":"2020-02-11T15:16:12","guid":{"rendered":"http:\/\/brankokozlina.com.nenadkanacki.com\/snimanje-vencanja\/"},"modified":"2020-02-13T16:03:34","modified_gmt":"2020-02-13T16:03:34","slug":"wedding-videography","status":"publish","type":"page","link":"https:\/\/brankokozlina.com\/en\/wedding-videography\/","title":{"rendered":"Wedding videography"},"content":{"rendered":"<section class=\"wpb-content-wrapper\"><p>[vc_row css_animation=&#8221;&#8221; row_type=&#8221;row&#8221; use_row_as_full_screen_section=&#8221;no&#8221; type=&#8221;grid&#8221; angled_section=&#8221;no&#8221; text_align=&#8221;left&#8221; background_image_as_pattern=&#8221;without_pattern&#8221; padding_top=&#8221;50&#8243; padding_bottom=&#8221;50&#8243; border_color=&#8221;#f1f1f2&#8243;][vc_column][qode_elements_holder number_of_columns=&#8221;two_columns&#8221;][qode_elements_holder_item advanced_animations=&#8221;no&#8221; item_padding=&#8221;25px 25px 25px 25px&#8221;][vc_single_image image=&#8221;1013&#8243; img_size=&#8221;full&#8221; alignment=&#8221;center&#8221; style=&#8221;vc_box_shadow_border&#8221; qode_css_animation=&#8221;element_from_left&#8221; transition_delay=&#8221;0.2&#8243;][\/qode_elements_holder_item][qode_elements_holder_item advanced_animations=&#8221;no&#8221; item_padding=&#8221;25px 25px 25px 25px&#8221;][vc_column_text]<\/p>\n<h2>Wedding videography<\/h2>\n<p>[\/vc_column_text][vc_separator type=&#8221;transparent&#8221; up=&#8221;17&#8243; down=&#8221;0&#8243;][vc_column_text]<\/p>\n<p style=\"text-align: justify;\">Wedding videography is a special segment of the wedding that we are approaching very carefully.<br \/>\nOur small but carefully selected team is among the top 80 wedding photographers in the world by the criteria of the WEVA organization.<br \/>\nWe also received 3 awards at the 2019 Prague International Competition and in 2020 we were a jury member of the Rome competition.<\/p>\n<p>[\/vc_column_text][vc_separator type=&#8221;transparent&#8221; up=&#8221;25&#8243; down=&#8221;0&#8243;]<a  itemprop=\"url\" href=\"http:\/\/brankokozlina.com.nenadkanacki.com\/en\/video-gallery\/\" target=\"_self\"  class=\"qbutton  default\" style=\"\">VIDEO GALLERY<\/a>[\/qode_elements_holder_item][\/qode_elements_holder][\/vc_column][\/vc_row][vc_row css_animation=&#8221;&#8221; row_type=&#8221;row&#8221; use_row_as_full_screen_section=&#8221;no&#8221; type=&#8221;grid&#8221; angled_section=&#8221;no&#8221; text_align=&#8221;left&#8221; background_image_as_pattern=&#8221;without_pattern&#8221; z_index=&#8221;&#8221;][vc_column]<div class=\"qode-advanced-image-gallery  qode-aig-grid-type qode-normal-space qode-has-shadow qode-image-behavior-grayscale \">\n\t<div class=\"qode-aig-inner qode-outer-space qode-aig-grid qode-aig-three-columns\">\n\t\t\t\t\t<div class=\"qode-aig-image qode-item-space\">\n\t\t\t\t<div class=\"qode-aig-image-inner\">\n\t\t\t\t\t\t\t\t\t\t\t<img loading=\"lazy\" decoding=\"async\" width=\"800\" height=\"800\" src=\"https:\/\/brankokozlina.com\/wp-content\/uploads\/2020\/02\/be_png.jpg\" class=\"attachment-full size-full\" alt=\"\" srcset=\"https:\/\/brankokozlina.com\/wp-content\/uploads\/2020\/02\/be_png.jpg 800w, https:\/\/brankokozlina.com\/wp-content\/uploads\/2020\/02\/be_png-300x300.jpg 300w, https:\/\/brankokozlina.com\/wp-content\/uploads\/2020\/02\/be_png-150x150.jpg 150w, https:\/\/brankokozlina.com\/wp-content\/uploads\/2020\/02\/be_png-768x768.jpg 768w, https:\/\/brankokozlina.com\/wp-content\/uploads\/2020\/02\/be_png-570x570.jpg 570w, https:\/\/brankokozlina.com\/wp-content\/uploads\/2020\/02\/be_png-500x500.jpg 500w, https:\/\/brankokozlina.com\/wp-content\/uploads\/2020\/02\/be_png-700x700.jpg 700w\" sizes=\"(max-width: 800px) 100vw, 800px\" \/>\t\t\t\t\t\t<span class=\"aig-gallery-hover\">\n\t\t\t\t\t\t\t\t\t\t\t\t\t<\/span>\n\t\t\t\t\t\t\t\t\t<\/div>\n\t\t\t<\/div>\n\t\t\t\t\t<div class=\"qode-aig-image qode-item-space\">\n\t\t\t\t<div class=\"qode-aig-image-inner\">\n\t\t\t\t\t\t\t\t\t\t\t<img loading=\"lazy\" decoding=\"async\" width=\"800\" height=\"800\" src=\"https:\/\/brankokozlina.com\/wp-content\/uploads\/2020\/02\/bdy_png.jpg\" class=\"attachment-full size-full\" alt=\"\" srcset=\"https:\/\/brankokozlina.com\/wp-content\/uploads\/2020\/02\/bdy_png.jpg 800w, https:\/\/brankokozlina.com\/wp-content\/uploads\/2020\/02\/bdy_png-300x300.jpg 300w, https:\/\/brankokozlina.com\/wp-content\/uploads\/2020\/02\/bdy_png-150x150.jpg 150w, https:\/\/brankokozlina.com\/wp-content\/uploads\/2020\/02\/bdy_png-768x768.jpg 768w, https:\/\/brankokozlina.com\/wp-content\/uploads\/2020\/02\/bdy_png-570x570.jpg 570w, https:\/\/brankokozlina.com\/wp-content\/uploads\/2020\/02\/bdy_png-500x500.jpg 500w, https:\/\/brankokozlina.com\/wp-content\/uploads\/2020\/02\/bdy_png-700x700.jpg 700w\" sizes=\"(max-width: 800px) 100vw, 800px\" \/>\t\t\t\t\t\t<span class=\"aig-gallery-hover\">\n\t\t\t\t\t\t\t\t\t\t\t\t\t<\/span>\n\t\t\t\t\t\t\t\t\t<\/div>\n\t\t\t<\/div>\n\t\t\t\t\t<div class=\"qode-aig-image qode-item-space\">\n\t\t\t\t<div class=\"qode-aig-image-inner\">\n\t\t\t\t\t\t\t\t\t\t\t<img loading=\"lazy\" decoding=\"async\" width=\"800\" height=\"800\" src=\"https:\/\/brankokozlina.com\/wp-content\/uploads\/2020\/02\/badge__balcan-award-2018_1byp.jpg\" class=\"attachment-full size-full\" alt=\"\" srcset=\"https:\/\/brankokozlina.com\/wp-content\/uploads\/2020\/02\/badge__balcan-award-2018_1byp.jpg 800w, https:\/\/brankokozlina.com\/wp-content\/uploads\/2020\/02\/badge__balcan-award-2018_1byp-300x300.jpg 300w, https:\/\/brankokozlina.com\/wp-content\/uploads\/2020\/02\/badge__balcan-award-2018_1byp-150x150.jpg 150w, https:\/\/brankokozlina.com\/wp-content\/uploads\/2020\/02\/badge__balcan-award-2018_1byp-768x768.jpg 768w, https:\/\/brankokozlina.com\/wp-content\/uploads\/2020\/02\/badge__balcan-award-2018_1byp-570x570.jpg 570w, https:\/\/brankokozlina.com\/wp-content\/uploads\/2020\/02\/badge__balcan-award-2018_1byp-500x500.jpg 500w, https:\/\/brankokozlina.com\/wp-content\/uploads\/2020\/02\/badge__balcan-award-2018_1byp-700x700.jpg 700w\" sizes=\"(max-width: 800px) 100vw, 800px\" \/>\t\t\t\t\t\t<span class=\"aig-gallery-hover\">\n\t\t\t\t\t\t\t\t\t\t\t\t\t<\/span>\n\t\t\t\t\t\t\t\t\t<\/div>\n\t\t\t<\/div>\n\t\t\t<\/div>\n<\/div>[\/vc_column][\/vc_row][vc_row css_animation=&#8221;&#8221; row_type=&#8221;row&#8221; use_row_as_full_screen_section=&#8221;no&#8221; type=&#8221;grid&#8221; angled_section=&#8221;no&#8221; text_align=&#8221;left&#8221; background_image_as_pattern=&#8221;without_pattern&#8221; z_index=&#8221;&#8221;][vc_column width=&#8221;1\/3&#8243;][\/vc_column][vc_column width=&#8221;1\/3&#8243;][vc_single_image image=&#8221;1213&#8243; img_size=&#8221;full&#8221; alignment=&#8221;center&#8221; style=&#8221;vc_box_shadow_border&#8221; qode_css_animation=&#8221;&#8221;][\/vc_column][vc_column width=&#8221;1\/3&#8243;][\/vc_column][\/vc_row]<\/p>\n<\/section>","protected":false},"excerpt":{"rendered":"<p>[vc_row css_animation=&#8221;&#8221; row_type=&#8221;row&#8221; use_row_as_full_screen_section=&#8221;no&#8221; type=&#8221;grid&#8221; angled_section=&#8221;no&#8221; text_align=&#8221;left&#8221; background_image_as_pattern=&#8221;without_pattern&#8221; padding_top=&#8221;50&#8243; padding_bottom=&#8221;50&#8243; border_color=&#8221;#f1f1f2&#8243;][vc_column][qode_elements_holder number_of_columns=&#8221;two_columns&#8221;][qode_elements_holder_item advanced_animations=&#8221;no&#8221; item_padding=&#8221;25px 25px 25px 25px&#8221;][vc_single_image image=&#8221;1013&#8243; img_size=&#8221;full&#8221; alignment=&#8221;center&#8221; style=&#8221;vc_box_shadow_border&#8221; qode_css_animation=&#8221;element_from_left&#8221; transition_delay=&#8221;0.2&#8243;][\/qode_elements_holder_item][qode_elements_holder_item advanced_animations=&#8221;no&#8221; item_padding=&#8221;25px 25px 25px 25px&#8221;][vc_column_text] Wedding videography [\/vc_column_text][vc_separator type=&#8221;transparent&#8221; up=&#8221;17&#8243; down=&#8221;0&#8243;][vc_column_text] Wedding videography is a special segment of the wedding that we&#8230;<\/p>\n","protected":false},"author":1,"featured_media":0,"parent":0,"menu_order":0,"comment_status":"closed","ping_status":"closed","template":"full_width.php","meta":{"footnotes":""},"yoast_head":"<!-- This site is optimized with the Yoast SEO plugin v20.11 - https:\/\/yoast.com\/wordpress\/plugins\/seo\/ -->\n<title>Wedding videography - Fotograf za ven\u010danja. Fotograf ven\u010danja<\/title>\n<meta name=\"robots\" content=\"index, follow, max-snippet:-1, max-image-preview:large, max-video-preview:-1\" \/>\n<link rel=\"canonical\" href=\"https:\/\/brankokozlina.com\/en\/wedding-videography\/\" \/>\n<meta property=\"og:locale\" content=\"en_US\" \/>\n<meta property=\"og:type\" content=\"article\" \/>\n<meta property=\"og:title\" content=\"Wedding videography - Fotograf za ven\u010danja. Fotograf ven\u010danja\" \/>\n<meta property=\"og:description\" content=\"[vc_row css_animation=&#8221;&#8221; row_type=&#8221;row&#8221; use_row_as_full_screen_section=&#8221;no&#8221; type=&#8221;grid&#8221; angled_section=&#8221;no&#8221; text_align=&#8221;left&#8221; background_image_as_pattern=&#8221;without_pattern&#8221; padding_top=&#8221;50&#8243; padding_bottom=&#8221;50&#8243; border_color=&#8221;#f1f1f2&#8243;][vc_column][qode_elements_holder number_of_columns=&#8221;two_columns&#8221;][qode_elements_holder_item advanced_animations=&#8221;no&#8221; item_padding=&#8221;25px 25px 25px 25px&#8221;][vc_single_image image=&#8221;1013&#8243; img_size=&#8221;full&#8221; alignment=&#8221;center&#8221; style=&#8221;vc_box_shadow_border&#8221; qode_css_animation=&#8221;element_from_left&#8221; transition_delay=&#8221;0.2&#8243;][\/qode_elements_holder_item][qode_elements_holder_item advanced_animations=&#8221;no&#8221; item_padding=&#8221;25px 25px 25px 25px&#8221;][vc_column_text] Wedding videography [\/vc_column_text][vc_separator type=&#8221;transparent&#8221; up=&#8221;17&#8243; down=&#8221;0&#8243;][vc_column_text] Wedding videography is a special segment of the wedding that we...\" \/>\n<meta property=\"og:url\" content=\"https:\/\/brankokozlina.com\/en\/wedding-videography\/\" \/>\n<meta property=\"og:site_name\" content=\"Fotograf za ven\u010danja. Fotograf ven\u010danja\" \/>\n<meta property=\"article:publisher\" content=\"https:\/\/www.facebook.com\/BrankoKozlinaphotography\" \/>\n<meta property=\"article:modified_time\" content=\"2020-02-13T16:03:34+00:00\" \/>\n<meta name=\"twitter:card\" content=\"summary_large_image\" \/>\n<meta name=\"twitter:label1\" content=\"Est. reading time\" \/>\n\t<meta name=\"twitter:data1\" content=\"2 minutes\" \/>\n<script type=\"application\/ld+json\" class=\"yoast-schema-graph\">{\"@context\":\"https:\/\/schema.org\",\"@graph\":[{\"@type\":\"WebPage\",\"@id\":\"https:\/\/brankokozlina.com\/en\/wedding-videography\/\",\"url\":\"https:\/\/brankokozlina.com\/en\/wedding-videography\/\",\"name\":\"Wedding videography - Fotograf za ven\u010danja. Fotograf ven\u010danja\",\"isPartOf\":{\"@id\":\"https:\/\/brankokozlina.com\/#website\"},\"datePublished\":\"2020-02-11T15:16:12+00:00\",\"dateModified\":\"2020-02-13T16:03:34+00:00\",\"breadcrumb\":{\"@id\":\"https:\/\/brankokozlina.com\/en\/wedding-videography\/#breadcrumb\"},\"inLanguage\":\"en-US\",\"potentialAction\":[{\"@type\":\"ReadAction\",\"target\":[\"https:\/\/brankokozlina.com\/en\/wedding-videography\/\"]}]},{\"@type\":\"BreadcrumbList\",\"@id\":\"https:\/\/brankokozlina.com\/en\/wedding-videography\/#breadcrumb\",\"itemListElement\":[{\"@type\":\"ListItem\",\"position\":1,\"name\":\"Home\",\"item\":\"https:\/\/brankokozlina.com\/en\/\"},{\"@type\":\"ListItem\",\"position\":2,\"name\":\"Wedding videography\"}]},{\"@type\":\"WebSite\",\"@id\":\"https:\/\/brankokozlina.com\/#website\",\"url\":\"https:\/\/brankokozlina.com\/\",\"name\":\"Fotograf za ven\u010danja. Fotograf ven\u010danja\",\"description\":\"Fotografisanje ven\u010danja Branko Kozlina\",\"publisher\":{\"@id\":\"https:\/\/brankokozlina.com\/#organization\"},\"potentialAction\":[{\"@type\":\"SearchAction\",\"target\":{\"@type\":\"EntryPoint\",\"urlTemplate\":\"https:\/\/brankokozlina.com\/?s={search_term_string}\"},\"query-input\":\"required name=search_term_string\"}],\"inLanguage\":\"en-US\"},{\"@type\":\"Organization\",\"@id\":\"https:\/\/brankokozlina.com\/#organization\",\"name\":\"Profesionalni fotograf ven\u010danja\",\"url\":\"https:\/\/brankokozlina.com\/\",\"logo\":{\"@type\":\"ImageObject\",\"inLanguage\":\"en-US\",\"@id\":\"https:\/\/brankokozlina.com\/#\/schema\/logo\/image\/\",\"url\":\"http:\/\/brankokozlina.com.nenadkanacki.com\/wp-content\/uploads\/2020\/02\/fotografisanje-vencanja.png\",\"contentUrl\":\"http:\/\/brankokozlina.com.nenadkanacki.com\/wp-content\/uploads\/2020\/02\/fotografisanje-vencanja.png\",\"width\":400,\"height\":193,\"caption\":\"Profesionalni fotograf ven\u010danja\"},\"image\":{\"@id\":\"https:\/\/brankokozlina.com\/#\/schema\/logo\/image\/\"},\"sameAs\":[\"https:\/\/www.facebook.com\/BrankoKozlinaphotography\",\"https:\/\/www.instagram.com\/brankokozlina\/\",\"https:\/\/www.youtube.com\/channel\/UCUNHdLSIjxNF34xN8jCYdTg\"]}]}<\/script>\n<!-- \/ Yoast SEO plugin. -->","yoast_head_json":{"title":"Wedding videography - Fotograf za ven\u010danja. Fotograf ven\u010danja","robots":{"index":"index","follow":"follow","max-snippet":"max-snippet:-1","max-image-preview":"max-image-preview:large","max-video-preview":"max-video-preview:-1"},"canonical":"https:\/\/brankokozlina.com\/en\/wedding-videography\/","og_locale":"en_US","og_type":"article","og_title":"Wedding videography - Fotograf za ven\u010danja. Fotograf ven\u010danja","og_description":"[vc_row css_animation=&#8221;&#8221; row_type=&#8221;row&#8221; use_row_as_full_screen_section=&#8221;no&#8221; type=&#8221;grid&#8221; angled_section=&#8221;no&#8221; text_align=&#8221;left&#8221; background_image_as_pattern=&#8221;without_pattern&#8221; padding_top=&#8221;50&#8243; padding_bottom=&#8221;50&#8243; border_color=&#8221;#f1f1f2&#8243;][vc_column][qode_elements_holder number_of_columns=&#8221;two_columns&#8221;][qode_elements_holder_item advanced_animations=&#8221;no&#8221; item_padding=&#8221;25px 25px 25px 25px&#8221;][vc_single_image image=&#8221;1013&#8243; img_size=&#8221;full&#8221; alignment=&#8221;center&#8221; style=&#8221;vc_box_shadow_border&#8221; qode_css_animation=&#8221;element_from_left&#8221; transition_delay=&#8221;0.2&#8243;][\/qode_elements_holder_item][qode_elements_holder_item advanced_animations=&#8221;no&#8221; item_padding=&#8221;25px 25px 25px 25px&#8221;][vc_column_text] Wedding videography [\/vc_column_text][vc_separator type=&#8221;transparent&#8221; up=&#8221;17&#8243; down=&#8221;0&#8243;][vc_column_text] Wedding videography is a special segment of the wedding that we...","og_url":"https:\/\/brankokozlina.com\/en\/wedding-videography\/","og_site_name":"Fotograf za ven\u010danja. Fotograf ven\u010danja","article_publisher":"https:\/\/www.facebook.com\/BrankoKozlinaphotography","article_modified_time":"2020-02-13T16:03:34+00:00","twitter_card":"summary_large_image","twitter_misc":{"Est. reading time":"2 minutes"},"schema":{"@context":"https:\/\/schema.org","@graph":[{"@type":"WebPage","@id":"https:\/\/brankokozlina.com\/en\/wedding-videography\/","url":"https:\/\/brankokozlina.com\/en\/wedding-videography\/","name":"Wedding videography - Fotograf za ven\u010danja. Fotograf ven\u010danja","isPartOf":{"@id":"https:\/\/brankokozlina.com\/#website"},"datePublished":"2020-02-11T15:16:12+00:00","dateModified":"2020-02-13T16:03:34+00:00","breadcrumb":{"@id":"https:\/\/brankokozlina.com\/en\/wedding-videography\/#breadcrumb"},"inLanguage":"en-US","potentialAction":[{"@type":"ReadAction","target":["https:\/\/brankokozlina.com\/en\/wedding-videography\/"]}]},{"@type":"BreadcrumbList","@id":"https:\/\/brankokozlina.com\/en\/wedding-videography\/#breadcrumb","itemListElement":[{"@type":"ListItem","position":1,"name":"Home","item":"https:\/\/brankokozlina.com\/en\/"},{"@type":"ListItem","position":2,"name":"Wedding videography"}]},{"@type":"WebSite","@id":"https:\/\/brankokozlina.com\/#website","url":"https:\/\/brankokozlina.com\/","name":"Fotograf za ven\u010danja. Fotograf ven\u010danja","description":"Fotografisanje ven\u010danja Branko Kozlina","publisher":{"@id":"https:\/\/brankokozlina.com\/#organization"},"potentialAction":[{"@type":"SearchAction","target":{"@type":"EntryPoint","urlTemplate":"https:\/\/brankokozlina.com\/?s={search_term_string}"},"query-input":"required name=search_term_string"}],"inLanguage":"en-US"},{"@type":"Organization","@id":"https:\/\/brankokozlina.com\/#organization","name":"Profesionalni fotograf ven\u010danja","url":"https:\/\/brankokozlina.com\/","logo":{"@type":"ImageObject","inLanguage":"en-US","@id":"https:\/\/brankokozlina.com\/#\/schema\/logo\/image\/","url":"http:\/\/brankokozlina.com.nenadkanacki.com\/wp-content\/uploads\/2020\/02\/fotografisanje-vencanja.png","contentUrl":"http:\/\/brankokozlina.com.nenadkanacki.com\/wp-content\/uploads\/2020\/02\/fotografisanje-vencanja.png","width":400,"height":193,"caption":"Profesionalni fotograf ven\u010danja"},"image":{"@id":"https:\/\/brankokozlina.com\/#\/schema\/logo\/image\/"},"sameAs":["https:\/\/www.facebook.com\/BrankoKozlinaphotography","https:\/\/www.instagram.com\/brankokozlina\/","https:\/\/www.youtube.com\/channel\/UCUNHdLSIjxNF34xN8jCYdTg"]}]}},"_links":{"self":[{"href":"https:\/\/brankokozlina.com\/en\/wp-json\/wp\/v2\/pages\/1101"}],"collection":[{"href":"https:\/\/brankokozlina.com\/en\/wp-json\/wp\/v2\/pages"}],"about":[{"href":"https:\/\/brankokozlina.com\/en\/wp-json\/wp\/v2\/types\/page"}],"author":[{"embeddable":true,"href":"https:\/\/brankokozlina.com\/en\/wp-json\/wp\/v2\/users\/1"}],"replies":[{"embeddable":true,"href":"https:\/\/brankokozlina.com\/en\/wp-json\/wp\/v2\/comments?post=1101"}],"version-history":[{"count":6,"href":"https:\/\/brankokozlina.com\/en\/wp-json\/wp\/v2\/pages\/1101\/revisions"}],"predecessor-version":[{"id":1217,"href":"https:\/\/brankokozlina.com\/en\/wp-json\/wp\/v2\/pages\/1101\/revisions\/1217"}],"wp:attachment":[{"href":"https:\/\/brankokozlina.com\/en\/wp-json\/wp\/v2\/media?parent=1101"}],"curies":[{"name":"wp","href":"https:\/\/api.w.org\/{rel}","templated":true}]}}